{"id":217,"date":"2025-08-14T16:08:30","date_gmt":"2025-08-14T21:08:30","guid":{"rendered":"https:\/\/darkgrey-ape-838098.hostingersite.com\/?page_id=217"},"modified":"2025-08-14T16:08:30","modified_gmt":"2025-08-14T21:08:30","slug":"quienes-somos-clic-informativo-0","status":"publish","type":"page","link":"https:\/\/clicinformativo.com\/?page_id=217","title":{"rendered":"Quienes Somos"},"content":{"rendered":"<p>En <a href=\"https:\/\/darkgrey-ape-838098.hostingersite.com\/\" target=\"_blank\" rel=\"noopener\"><strong>clicinformativo.com<\/strong><\/a>, somos m\u00e1s que un simple espacio digital; somos una plataforma en constante evoluci\u00f3n, dedicada a la creaci\u00f3n de contenido transparente y accesible. Nuestra misi\u00f3n consiste en crear contenido que tenga un impacto, aporte valor y propicie una comprensi\u00f3n m\u00e1s profunda de la realidad.<\/p>\n<p>Nos gu\u00eda la convicci\u00f3n de que la lectura cr\u00edtica es un pilar fundamental para una sociedad informada. Por ello, nos comprometemos a ofrecer un an\u00e1lisis libre de sensacionalismo, enfoc\u00e1ndonos en los hechos y en un dise\u00f1o minimalista que respeta tu tiempo y tu atenci\u00f3n. La sinceridad es nuestro norte y la pertinencia nuestra meta, asegurando que cada parte del contenido sea directa, sencilla y sin ambiciones superfluas.<\/p>\n<p>Este portal es una iniciativa completamente independiente. Aclaramos que no tenemos ninguna relaci\u00f3n ni v\u00ednculo institucional con las entidades que mencionamos en nuestro contenido. Nuestra funci\u00f3n principal es meramente informativa: buscamos facilitar el acceso a datos, requisitos, fechas y procesos de diversas organizaciones, brindando informaci\u00f3n de primera mano de forma clara y organizada.<\/p>\n","protected":false},"excerpt":{"rendered":"<p>En clicinformativo.com, somos m\u00e1s que un simple espacio digital; somos una plataforma en constante evoluci\u00f3n, dedicada a la creaci\u00f3n de<\/p>\n<p><a href=\"https:\/\/clicinformativo.com\/?page_id=217\" class=\"more-link\">Continue reading<span class=\"screen-reader-text\">Quienes Somos<\/span><\/a><\/p>\n","protected":false},"author":1,"featured_media":219,"parent":0,"menu_order":0,"comment_status":"closed","ping_status":"closed","template":"","meta":{"footnotes":""},"class_list":["post-217","page","type-page","status-publish","has-post-thumbnail","hentry"],"_links":{"self":[{"href":"https:\/\/clicinformativo.com\/index.php?rest_route=\/wp\/v2\/pages\/217","targetHints":{"allow":["GET"]}}],"collection":[{"href":"https:\/\/clicinformativo.com\/index.php?rest_route=\/wp\/v2\/pages"}],"about":[{"href":"https:\/\/clicinformativo.com\/index.php?rest_route=\/wp\/v2\/types\/page"}],"author":[{"embeddable":true,"href":"https:\/\/clicinformativo.com\/index.php?rest_route=\/wp\/v2\/users\/1"}],"replies":[{"embeddable":true,"href":"https:\/\/clicinformativo.com\/index.php?rest_route=%2Fwp%2Fv2%2Fcomments&post=217"}],"version-history":[{"count":2,"href":"https:\/\/clicinformativo.com\/index.php?rest_route=\/wp\/v2\/pages\/217\/revisions"}],"predecessor-version":[{"id":220,"href":"https:\/\/clicinformativo.com\/index.php?rest_route=\/wp\/v2\/pages\/217\/revisions\/220"}],"wp:featuredmedia":[{"embeddable":true,"href":"https:\/\/clicinformativo.com\/index.php?rest_route=\/wp\/v2\/media\/219"}],"wp:attachment":[{"href":"https:\/\/clicinformativo.com\/index.php?rest_route=%2Fwp%2Fv2%2Fmedia&parent=217"}],"curies":[{"name":"wp","href":"https:\/\/api.w.org\/{rel}","templated":true}]}}