{"id":214,"date":"2025-08-14T16:00:49","date_gmt":"2025-08-14T21:00:49","guid":{"rendered":"https:\/\/darkgrey-ape-838098.hostingersite.com\/?page_id=214"},"modified":"2025-08-14T16:00:49","modified_gmt":"2025-08-14T21:00:49","slug":"politica-de-cookies-clic-informativo-0","status":"publish","type":"page","link":"https:\/\/clicinformativo.com\/?page_id=214","title":{"rendered":"Politica de Cookies"},"content":{"rendered":"<p>Cuando usted accede a cualquier p\u00e1gina web, su navegador almacena un peque\u00f1o archivo de texto conocido como cookie. Su valor radica en que la p\u00e1gina web pueda recordar su visita cuando usted vuelva a navegar por ella. Las cookies generalmente guardan datos t\u00e9cnicos, preferencias personales, personalizaci\u00f3n de contenidos, estad\u00edsticas de uso, acceso a cuentas de usuario y enlaces a redes sociales. El prop\u00f3sito de las cookies es adaptar el contenido web a su perfil y requerimientos; sin las cookies, los servicios que ofrece cualquier sitio web se ver\u00edan seriamente limitados. Si quiere m\u00e1s informaci\u00f3n acerca de las cookies, incluyendo qu\u00e9 son y qu\u00e9 almacenan, as\u00ed como c\u00f3mo desactivarlas o borrarlas, por favor siga este enlace.<\/p>\n<h1><strong>COOKIES UTILIZADAS EN ESTE SITIO WEB<\/strong><\/h1>\n<p>Con el objetivo de brindarle la informaci\u00f3n m\u00e1s precisa posible, y siguiendo las pautas de la Agencia Espa\u00f1ola de Protecci\u00f3n de Datos, procedemos a detallar el uso que esta web hace de las cookies.<\/p>\n<p>Las siguientes cookies son utilizadas en este sitio web:<\/p>\n<ul>\n<li>Cookies de sesi\u00f3n: Con el fin de asegurar que los individuos que comentan en el blog sean personas y no robots automatizados. As\u00ed se lucha contra el spam. Este sitio web utiliza las siguientes cookies de terceros:<\/li>\n<li>Google Analytics: Guarda cookies con el fin de generar estad\u00edsticas sobre la cantidad de tr\u00e1fico y visitas que recibe este sitio web. Al usar este sitio web, est\u00e1 dando su consentimiento para que Google procese informaci\u00f3n sobre usted. Por lo tanto, cualquier derecho en este sentido deber\u00e1 ser ejercido al comunicarse directamente con Google.<\/li>\n<li>Redes sociales: Cada una de ellas emplea sus propias cookies para que usted tenga la posibilidad de hacer clic en botones como &#8220;Me gusta&#8221; o &#8220;Compartir&#8221;.<\/li>\n<\/ul>\n<h2><strong>DESACTIVACI\u00d3N O ELIMINACI\u00d3N DE COOKIES<\/strong><\/h2>\n<p>Siempre tendr\u00e1 la posibilidad de utilizar su derecho de desactivar o borrar las cookies de este sitio web. Estas acciones se llevan a cabo de distintas maneras dependiendo del navegador que est\u00e9 utilizando. Le proporcionamos aqu\u00ed una gu\u00eda breve para los navegadores m\u00e1s utilizados.<\/p>\n<h3><strong>NOTAS ADICIONALES<\/strong><\/h3>\n<p>Tanto la p\u00e1gina web en cuesti\u00f3n como sus representantes legales no se hacen responsables por el contenido o la veracidad de las pol\u00edticas de privacidad que puedan tener los terceros mencionados en esta pol\u00edtica de cookies. Los navegadores web son los programas encargados de almacenar las cookies. Desde este lugar, se debe tener el derecho de eliminarlas o desactivarlas. No es posible que esta p\u00e1gina web o sus representantes legales aseguren que los navegadores mencionados manejen las cookies de manera correcta o incorrecta.<\/p>\n<p>Para que el navegador no olvide su decisi\u00f3n de no aceptar las cookies, en ciertas situaciones es preciso instalar estas \u00faltimas.<\/p>\n<p>Google Analytics guarda las cookies en servidores de Estados Unidos y se compromete a no compartirlas con ninguna otra entidad, salvo que la ley o el funcionamiento del sistema lo requieran. De acuerdo con Google, no almacena la direcci\u00f3n IP del usuario. Google Inc. es una empresa que se ha integrado al Acuerdo de Puerto Seguro, el cual asegura que todos los datos transferidos ser\u00e1n manejados con un grado de protecci\u00f3n que cumple con las normas europeas. En este enlace puede encontrar informaci\u00f3n pormenorizada al respecto. Si quiere saber c\u00f3mo Google utiliza las cookies, le proporcionamos otro enlace.<\/p>\n<p>Si tiene alguna consulta o inquietud con respecto a esta pol\u00edtica de cookies, no dude en ponerse en contacto con nosotros mediante la secci\u00f3n de contacto.<\/p>\n","protected":false},"excerpt":{"rendered":"<p>Cuando usted accede a cualquier p\u00e1gina web, su navegador almacena un peque\u00f1o archivo de texto conocido como cookie. Su valor<\/p>\n<p><a href=\"https:\/\/clicinformativo.com\/?page_id=214\" class=\"more-link\">Continue reading<span class=\"screen-reader-text\">Politica de Cookies<\/span><\/a><\/p>\n","protected":false},"author":1,"featured_media":215,"parent":0,"menu_order":0,"comment_status":"closed","ping_status":"closed","template":"","meta":{"footnotes":""},"class_list":["post-214","page","type-page","status-publish","has-post-thumbnail","hentry"],"_links":{"self":[{"href":"https:\/\/clicinformativo.com\/index.php?rest_route=\/wp\/v2\/pages\/214","targetHints":{"allow":["GET"]}}],"collection":[{"href":"https:\/\/clicinformativo.com\/index.php?rest_route=\/wp\/v2\/pages"}],"about":[{"href":"https:\/\/clicinformativo.com\/index.php?rest_route=\/wp\/v2\/types\/page"}],"author":[{"embeddable":true,"href":"https:\/\/clicinformativo.com\/index.php?rest_route=\/wp\/v2\/users\/1"}],"replies":[{"embeddable":true,"href":"https:\/\/clicinformativo.com\/index.php?rest_route=%2Fwp%2Fv2%2Fcomments&post=214"}],"version-history":[{"count":1,"href":"https:\/\/clicinformativo.com\/index.php?rest_route=\/wp\/v2\/pages\/214\/revisions"}],"predecessor-version":[{"id":216,"href":"https:\/\/clicinformativo.com\/index.php?rest_route=\/wp\/v2\/pages\/214\/revisions\/216"}],"wp:featuredmedia":[{"embeddable":true,"href":"https:\/\/clicinformativo.com\/index.php?rest_route=\/wp\/v2\/media\/215"}],"wp:attachment":[{"href":"https:\/\/clicinformativo.com\/index.php?rest_route=%2Fwp%2Fv2%2Fmedia&parent=214"}],"curies":[{"name":"wp","href":"https:\/\/api.w.org\/{rel}","templated":true}]}}